{"id":5852,"date":"2023-03-13T16:19:32","date_gmt":"2023-03-13T15:19:32","guid":{"rendered":"https:\/\/theguidesyouneed.com\/guided-tour-of-the-reina-sofia-museum\/"},"modified":"2025-03-28T17:18:56","modified_gmt":"2025-03-28T16:18:56","slug":"guided-tour-of-the-reina-sofia-museum","status":"publish","type":"page","link":"https:\/\/theguidesyouneed.com\/en\/guided-tour-of-the-reina-sofia-museum\/","title":{"rendered":"Guided Tour of the Reina Sofia Museum"},"content":{"rendered":"\n<div class=\"wp-block-genesis-blocks-gb-container aligncenter gb-block-container\"><div class=\"gb-container-inside\"><div class=\"gb-container-content\">\n<div class=\"wp-block-group alignfull has-alt-background-color has-background has-light-background has-xl-content-width has-md-padding-top has-md-padding-bottom\"><div class=\"wp-block-group__inner-container is-layout-flow wp-block-group-is-layout-flow\"><div class=\"mai-columns\"><div class=\"mai-columns-wrap has-columns\" style=\"--column-gap:var(--spacing-xxl);--row-gap:var(--spacing-xxl);--align-columns:start;--align-columns-vertical:center;\">\n<div class=\"mai-column is-column\" style=\"--columns-xs:1\/1;--flex-xs:0 0 var(--flex-basis);--columns-sm:1\/2;--flex-sm:0 0 var(--flex-basis);--columns-md:1\/2;--flex-md:0 0 var(--flex-basis);--columns-lg:1\/2;--flex-lg:0 0 var(--flex-basis);--justify-content:start;\">\n\n<h1 class=\"wp-block-heading has-xxl-font-size\">Guided tour of the Reina Sofia Museum<\/h1>\n\n\n\n<p>Would you like to visit one of the most important modern art museums in Spain? Thanks to our guided tours in the eclectic and original Reina Sofia Museum in Madrid you will be able to learn about the most avant-garde artistic trends.<\/p>\n\n\n\n<p>Get to know through this unique experience the best works of artists such as &Aacute;ngeles Santos, Salvador Dal&iacute;, Pablo Picasso or Joan Mir&oacute;. Thanks to our guides trained in Art History and History, our tours are interesting and didactic.  <\/p>\n\n\n\n<p>More importantly:  <\/p>\n\n\n\n<p>as much adapted as possible to your tastes!<\/p>\n\n\n\n<div class=\"wp-block-buttons is-layout-flex wp-block-buttons-is-layout-flex\">\n<div class=\"wp-block-button\"><a class=\"wp-block-button__link button wp-element-button\" href=\"https:\/\/theguidesyouneed.com\/en\/book-your-visit-to-the-national-museum-of-contemporary-art-reina-sofia\/\">Book now<\/a><\/div>\n\n\n\n<div class=\"wp-block-button\"><a class=\"wp-block-button__link button button-link wp-element-button\" href=\"#the-details-queen-sofia\">Find out all the details<\/a><\/div>\n<\/div>\n\n<\/div>\n\n<div class=\"mai-column is-column\" style=\"--columns-xs:1\/1;--flex-xs:0 0 var(--flex-basis);--columns-sm:1\/2;--flex-sm:0 0 var(--flex-basis);--columns-md:1\/2;--flex-md:0 0 var(--flex-basis);--columns-lg:1\/2;--flex-lg:0 0 var(--flex-basis);--justify-content:start;--order-xs:-1;--order-sm:-1;\">\n<div class=\"wp-block-image\">\n<figure class=\"aligncenter size-full\"><img loading=\"lazy\" decoding=\"async\" width=\"768\" height=\"1024\" src=\"https:\/\/test.theguidesyouneed.com\/wp-content\/uploads\/2023\/05\/WhatsApp-Image-2023-05-26-at-15.45.52.jpeg\" alt=\"Guided Tour of the Reina Sofia Museum | Visitas Guiadas por Madrid - The Guides You Need\" class=\"wp-image-5243\" title=\"Guided Tour of the Reina Sofia Museum | Visitas Guiadas por Madrid - The Guides You Need\" srcset=\"https:\/\/theguidesyouneed.com\/wp-content\/uploads\/2023\/05\/WhatsApp-Image-2023-05-26-at-15.45.52-225x300.jpeg 225w, https:\/\/theguidesyouneed.com\/wp-content\/uploads\/2023\/05\/WhatsApp-Image-2023-05-26-at-15.45.52-600x800.jpeg 600w, https:\/\/theguidesyouneed.com\/wp-content\/uploads\/2023\/05\/WhatsApp-Image-2023-05-26-at-15.45.52.jpeg 768w\" sizes=\"auto, (max-width: 768px) 100vw, 768px\" \/><\/figure>\n<\/div>\n<\/div>\n<\/div><\/div><\/div><\/div>\n\n<\/div><\/div><\/div>\n\n\n\n<div class=\"wp-block-genesis-blocks-gb-container alignwide gb-block-container\"><div class=\"gb-container-inside\"><div class=\"gb-container-content\">\n<h2 class=\"wp-block-heading has-xl-margin-top\">Dive into the best of 20th Century Art<\/h2>\n\n\n\n<div style=\"height:1px\" aria-hidden=\"true\" id=\"reserva-ruta\" class=\"wp-block-spacer reserva-ruta\"><\/div>\n\n\n\n<p>Thanks to the different tours that we offer, you will be able to learn about different routes within this wonderful museum: the great masters of modern Spanish painting and the historical events of present-day Spain.  <\/p>\n\n\n\n<p>From The World of \u00c1ngeles Santos, to Picasso&#8217;s Guernica. We can also go through the most relevant Spanish women artists in the History of Art. From Mar\u00eda Blanchard to Maruja Mallo.<\/p>\n\n\n\n<div class=\"wp-block-group alignfull los-detalles-reina-sofia has-alt-background-color has-background has-light-background has-lg-content-width has-md-padding-top has-md-padding-bottom\" id=\"los-detalles-reina-sofia\"><div class=\"wp-block-group__inner-container is-layout-flow wp-block-group-is-layout-flow\"><div class=\"mai-columns\"><div class=\"mai-columns-wrap has-columns\" style=\"--column-gap:0px;--row-gap:0px;--align-columns:start;--align-columns-vertical:center;\">\n<div class=\"mai-column is-column\" style=\"--columns-xs:1\/1;--flex-xs:0 0 var(--flex-basis);--columns-sm:1\/2;--flex-sm:0 0 var(--flex-basis);--columns-md:1\/2;--flex-md:0 0 var(--flex-basis);--columns-lg:1\/2;--flex-lg:0 0 var(--flex-basis);--justify-content:start;\">\n\n<div class=\"wp-block-group has-white-background-color has-background has-light-background has-md-padding-top has-md-padding-bottom has-md-padding-left has-md-padding-right has--xxl-margin-right\"><div class=\"wp-block-group__inner-container is-layout-flow wp-block-group-is-layout-flow\">\n<h2 class=\"wp-block-heading has-text-align-center\">Discover the history behind the most iconic works of art<\/h2>\n\n\n\n<div class=\"wp-block-buttons is-content-justification-center is-layout-flex wp-container-core-buttons-is-layout-16018d1d wp-block-buttons-is-layout-flex\">\n<div class=\"wp-block-button\"><a class=\"wp-block-button__link button button-link wp-element-button\" href=\"https:\/\/theguidesyouneed.com\/en\/book-your-visit-to-the-national-museum-of-contemporary-art-reina-sofia\/\">Book now<\/a><\/div>\n<\/div>\n<\/div><\/div>\n\n\n<\/div>\n\n<div class=\"mai-column is-column\" style=\"--columns-xs:1\/1;--flex-xs:0 0 var(--flex-basis);--columns-sm:1\/2;--flex-sm:0 0 var(--flex-basis);--columns-md:1\/2;--flex-md:0 0 var(--flex-basis);--columns-lg:1\/2;--flex-lg:0 0 var(--flex-basis);--justify-content:start;--order-xs:-1;\">\n\n<figure class=\"wp-block-image size-large\"><img loading=\"lazy\" decoding=\"async\" width=\"840\" height=\"1344\" src=\"https:\/\/test.theguidesyouneed.com\/wp-content\/uploads\/2023\/05\/IMG-2348-edited-1.jpg\" alt=\"Guided Tour of the Reina Sofia Museum | Visitas Guiadas por Madrid - The Guides You Need\" class=\"wp-image-5253\" title=\"Guided Tour of the Reina Sofia Museum | Visitas Guiadas por Madrid - The Guides You Need\" srcset=\"https:\/\/theguidesyouneed.com\/wp-content\/uploads\/2023\/05\/IMG-2348-edited-1-188x300.jpg 188w, https:\/\/theguidesyouneed.com\/wp-content\/uploads\/2023\/05\/IMG-2348-edited-1-600x960.jpg 600w, https:\/\/theguidesyouneed.com\/wp-content\/uploads\/2023\/05\/IMG-2348-edited-1-640x1024.jpg 640w, https:\/\/theguidesyouneed.com\/wp-content\/uploads\/2023\/05\/IMG-2348-edited-1-768x1229.jpg 768w, https:\/\/theguidesyouneed.com\/wp-content\/uploads\/2023\/05\/IMG-2348-edited-1.jpg 840w\" sizes=\"auto, (max-width: 840px) 100vw, 840px\" \/><\/figure>\n\n<\/div>\n<\/div><\/div><\/div><\/div>\n\n\n\n\n<div class=\"wp-block-group alignfull has-white-background-color has-background has-light-background has-lg-content-width has-md-padding-top has-md-padding-bottom\"><div class=\"wp-block-group__inner-container is-layout-flow wp-block-group-is-layout-flow\"><div class=\"mai-columns\"><div class=\"mai-columns-wrap has-columns\" style=\"--column-gap:0px;--row-gap:0px;--align-columns:start;--align-columns-vertical:center;\">\n<div class=\"mai-column is-column\" style=\"--columns-xs:1\/1;--flex-xs:0 0 var(--flex-basis);--columns-sm:1\/2;--flex-sm:0 0 var(--flex-basis);--columns-md:1\/2;--flex-md:0 0 var(--flex-basis);--columns-lg:1\/2;--flex-lg:0 0 var(--flex-basis);--justify-content:start;\">\n\n<figure class=\"wp-block-image size-large is-resized\"><img loading=\"lazy\" decoding=\"async\" width=\"1009\" height=\"1614\" src=\"https:\/\/test.theguidesyouneed.com\/wp-content\/uploads\/2023\/05\/IMG-2347-edited.jpg\" alt=\"Guided Tour of the Reina Sofia Museum | Visitas Guiadas por Madrid - The Guides You Need\" class=\"wp-image-5249\" style=\"width:500px;height:799px\" title=\"Guided Tour of the Reina Sofia Museum | Visitas Guiadas por Madrid - The Guides You Need\" srcset=\"https:\/\/theguidesyouneed.com\/wp-content\/uploads\/2023\/05\/IMG-2347-edited-188x300.jpg 188w, https:\/\/theguidesyouneed.com\/wp-content\/uploads\/2023\/05\/IMG-2347-edited-600x960.jpg 600w, https:\/\/theguidesyouneed.com\/wp-content\/uploads\/2023\/05\/IMG-2347-edited-640x1024.jpg 640w, https:\/\/theguidesyouneed.com\/wp-content\/uploads\/2023\/05\/IMG-2347-edited-768x1228.jpg 768w, https:\/\/theguidesyouneed.com\/wp-content\/uploads\/2023\/05\/IMG-2347-edited-960x1536.jpg 960w, https:\/\/theguidesyouneed.com\/wp-content\/uploads\/2023\/05\/IMG-2347-edited.jpg 1009w\" sizes=\"auto, (max-width: 1009px) 100vw, 1009px\" \/><\/figure>\n\n<\/div>\n\n<div class=\"mai-column is-column\" style=\"--columns-xs:1\/1;--flex-xs:0 0 var(--flex-basis);--columns-sm:1\/2;--flex-sm:0 0 var(--flex-basis);--columns-md:1\/2;--flex-md:0 0 var(--flex-basis);--columns-lg:1\/2;--flex-lg:0 0 var(--flex-basis);--justify-content:start;\">\n\n<div class=\"wp-block-group has-alt-background-color has-background has-light-background has-md-padding-top has-md-padding-bottom has-md-padding-left has-md-padding-right has--xxl-margin-left\"><div class=\"wp-block-group__inner-container is-layout-flow wp-block-group-is-layout-flow\">\n<h2 class=\"wp-block-heading has-text-align-center\">Explore the artistic legacy of the most important artists of the 20th century.<\/h2>\n\n\n\n<div class=\"wp-block-buttons is-content-justification-center is-layout-flex wp-container-core-buttons-is-layout-16018d1d wp-block-buttons-is-layout-flex\">\n<div class=\"wp-block-button\"><a class=\"wp-block-button__link button button-link wp-element-button\" href=\"https:\/\/theguidesyouneed.com\/en\/book-your-visit-to-the-national-museum-of-contemporary-art-reina-sofia\/\">Book now<\/a><\/div>\n<\/div>\n<\/div><\/div>\n\n\n<\/div>\n<\/div><\/div><\/div><\/div>\n\n\n\n\n<div class=\"wp-block-group alignfull has-alt-background-color has-background has-light-background has-lg-content-width has-md-padding-top has-md-padding-bottom\"><div class=\"wp-block-group__inner-container is-layout-flow wp-block-group-is-layout-flow\"><div class=\"mai-columns\"><div class=\"mai-columns-wrap has-columns\" style=\"--column-gap:0px;--row-gap:0px;--align-columns:start;--align-columns-vertical:center;\">\n<div class=\"mai-column is-column\" style=\"--flex-xs:0 0 100%;--flex-sm:0 0 100%;--columns-md:1\/3;--flex-md:0 0 var(--flex-basis);--columns-lg:1\/2;--flex-lg:0 0 var(--flex-basis);--justify-content:start;\">\n\n<div class=\"wp-block-group has-white-background-color has-background has-light-background has-md-padding-top has-md-padding-bottom has-md-padding-left has-md-padding-right has--xxl-margin-right\"><div class=\"wp-block-group__inner-container is-layout-flow wp-block-group-is-layout-flow\">\n<h2 class=\"wp-block-heading has-text-align-center\">Learn about the evolution of modern art and how it influenced culture and society.<\/h2>\n\n\n\n<div class=\"wp-block-buttons is-content-justification-center is-layout-flex wp-container-core-buttons-is-layout-16018d1d wp-block-buttons-is-layout-flex\">\n<div class=\"wp-block-button\"><a class=\"wp-block-button__link button button-link wp-element-button\" href=\"https:\/\/theguidesyouneed.com\/en\/book-your-visit-to-the-national-museum-of-contemporary-art-reina-sofia\/\">Book now<\/a><\/div>\n<\/div>\n<\/div><\/div>\n\n\n<\/div>\n\n<div class=\"mai-column is-column\" style=\"--flex-xs:0 0 100%;--flex-sm:0 0 100%;--columns-md:2\/3;--flex-md:0 0 var(--flex-basis);--columns-lg:1\/2;--flex-lg:0 0 var(--flex-basis);--justify-content:start;--order-xs:-1;\">\n\n<figure class=\"wp-block-image size-large\"><img loading=\"lazy\" decoding=\"async\" width=\"840\" height=\"1344\" src=\"https:\/\/test.theguidesyouneed.com\/wp-content\/uploads\/2023\/05\/IMG-2329-edited-1.jpg\" alt=\"Guided Tour of the Reina Sofia Museum | Visitas Guiadas por Madrid - The Guides You Need\" class=\"wp-image-5258\" title=\"Guided Tour of the Reina Sofia Museum | Visitas Guiadas por Madrid - The Guides You Need\" srcset=\"https:\/\/theguidesyouneed.com\/wp-content\/uploads\/2023\/05\/IMG-2329-edited-1-188x300.jpg 188w, https:\/\/theguidesyouneed.com\/wp-content\/uploads\/2023\/05\/IMG-2329-edited-1-600x960.jpg 600w, https:\/\/theguidesyouneed.com\/wp-content\/uploads\/2023\/05\/IMG-2329-edited-1-640x1024.jpg 640w, https:\/\/theguidesyouneed.com\/wp-content\/uploads\/2023\/05\/IMG-2329-edited-1-768x1229.jpg 768w, https:\/\/theguidesyouneed.com\/wp-content\/uploads\/2023\/05\/IMG-2329-edited-1.jpg 840w\" sizes=\"auto, (max-width: 840px) 100vw, 840px\" \/><\/figure>\n\n<\/div>\n<\/div><\/div><\/div><\/div>\n\n\n\n\n<h2 class=\"wp-block-heading has-text-align-center has-xl-margin-top\">Explore the contemporary art collection<\/h2>\n\n\n\n<figure class=\"wp-block-gallery has-nested-images columns-2 wp-block-gallery-1 is-layout-flex wp-block-gallery-is-layout-flex\">\n<figure class=\"wp-block-image size-full\"><img loading=\"lazy\" decoding=\"async\" width=\"840\" height=\"1344\" data-id=\"5281\" src=\"https:\/\/test.theguidesyouneed.com\/wp-content\/uploads\/2023\/05\/IMG-2338-edited-2.jpg\" alt=\"Guided Tour of the Reina Sofia Museum | Visitas Guiadas por Madrid - The Guides You Need\" class=\"wp-image-5281\" title=\"Guided Tour of the Reina Sofia Museum | Visitas Guiadas por Madrid - The Guides You Need\" srcset=\"https:\/\/theguidesyouneed.com\/wp-content\/uploads\/2023\/05\/IMG-2338-edited-2-188x300.jpg 188w, https:\/\/theguidesyouneed.com\/wp-content\/uploads\/2023\/05\/IMG-2338-edited-2-600x960.jpg 600w, https:\/\/theguidesyouneed.com\/wp-content\/uploads\/2023\/05\/IMG-2338-edited-2-640x1024.jpg 640w, https:\/\/theguidesyouneed.com\/wp-content\/uploads\/2023\/05\/IMG-2338-edited-2-768x1229.jpg 768w, https:\/\/theguidesyouneed.com\/wp-content\/uploads\/2023\/05\/IMG-2338-edited-2.jpg 840w\" sizes=\"auto, (max-width: 840px) 100vw, 840px\" \/><\/figure>\n\n\n\n<figure class=\"wp-block-image size-full\"><img loading=\"lazy\" decoding=\"async\" width=\"445\" height=\"712\" data-id=\"5280\" src=\"https:\/\/test.theguidesyouneed.com\/wp-content\/uploads\/2023\/05\/IMG-2333-edited-1.jpg\" alt=\"Guided Tour of the Reina Sofia Museum | Visitas Guiadas por Madrid - The Guides You Need\" class=\"wp-image-5280\" title=\"Guided Tour of the Reina Sofia Museum | Visitas Guiadas por Madrid - The Guides You Need\" srcset=\"https:\/\/theguidesyouneed.com\/wp-content\/uploads\/2023\/05\/IMG-2333-edited-1-188x300.jpg 188w, https:\/\/theguidesyouneed.com\/wp-content\/uploads\/2023\/05\/IMG-2333-edited-1.jpg 445w\" sizes=\"auto, (max-width: 445px) 100vw, 445px\" \/><\/figure>\n\n\n\n<figure class=\"wp-block-image size-full\"><img loading=\"lazy\" decoding=\"async\" width=\"1049\" height=\"1679\" data-id=\"5283\" src=\"https:\/\/test.theguidesyouneed.com\/wp-content\/uploads\/2023\/05\/IMG-2330-edited.jpg\" alt=\"Guided Tour of the Reina Sofia Museum | Visitas Guiadas por Madrid - The Guides You Need\" class=\"wp-image-5283\" title=\"Guided Tour of the Reina Sofia Museum | Visitas Guiadas por Madrid - The Guides You Need\" srcset=\"https:\/\/theguidesyouneed.com\/wp-content\/uploads\/2023\/05\/IMG-2330-edited-187x300.jpg 187w, https:\/\/theguidesyouneed.com\/wp-content\/uploads\/2023\/05\/IMG-2330-edited-600x960.jpg 600w, https:\/\/theguidesyouneed.com\/wp-content\/uploads\/2023\/05\/IMG-2330-edited-640x1024.jpg 640w, https:\/\/theguidesyouneed.com\/wp-content\/uploads\/2023\/05\/IMG-2330-edited-768x1229.jpg 768w, https:\/\/theguidesyouneed.com\/wp-content\/uploads\/2023\/05\/IMG-2330-edited-960x1536.jpg 960w, https:\/\/theguidesyouneed.com\/wp-content\/uploads\/2023\/05\/IMG-2330-edited.jpg 1049w\" sizes=\"auto, (max-width: 1049px) 100vw, 1049px\" \/><\/figure>\n\n\n\n<figure class=\"wp-block-image size-full\"><img loading=\"lazy\" decoding=\"async\" width=\"840\" height=\"1344\" data-id=\"5282\" src=\"https:\/\/test.theguidesyouneed.com\/wp-content\/uploads\/2023\/05\/IMG-2334-edited-1.jpg\" alt=\"Guided Tour of the Reina Sofia Museum | Visitas Guiadas por Madrid - The Guides You Need\" class=\"wp-image-5282\" title=\"Guided Tour of the Reina Sofia Museum | Visitas Guiadas por Madrid - The Guides You Need\" srcset=\"https:\/\/theguidesyouneed.com\/wp-content\/uploads\/2023\/05\/IMG-2334-edited-1-188x300.jpg 188w, https:\/\/theguidesyouneed.com\/wp-content\/uploads\/2023\/05\/IMG-2334-edited-1-600x960.jpg 600w, https:\/\/theguidesyouneed.com\/wp-content\/uploads\/2023\/05\/IMG-2334-edited-1-640x1024.jpg 640w, https:\/\/theguidesyouneed.com\/wp-content\/uploads\/2023\/05\/IMG-2334-edited-1-768x1229.jpg 768w, https:\/\/theguidesyouneed.com\/wp-content\/uploads\/2023\/05\/IMG-2334-edited-1.jpg 840w\" sizes=\"auto, (max-width: 840px) 100vw, 840px\" \/><\/figure>\n<\/figure>\n<\/div><\/div><\/div>\n\n\n\n<div style=\"margin-bottom:7%\" class=\"wp-block-genesis-blocks-gb-container gb-block-container\"><div class=\"gb-container-inside\"><div class=\"gb-container-content\">\n<h2 class=\"wp-block-heading\">Live a unique experience at the Reina Sofia Museum<\/h2>\n\n\n\n<p>Select the type of tour that best suits your tastes and enjoy a team that has won the Viator Award twice in a row. We are proud to say that we are the only Spanish company to receive the <strong>Viator Award in 2023<\/strong>.<\/p>\n\n\n\n<div class=\"wp-block-buttons is-content-justification-center is-layout-flex wp-container-core-buttons-is-layout-16018d1d wp-block-buttons-is-layout-flex\">\n<div class=\"wp-block-button\"><a class=\"wp-block-button__link button wp-element-button\" href=\"https:\/\/theguidesyouneed.com\/en\/book-your-visit-to-the-national-museum-of-contemporary-art-reina-sofia\/\">Book now<\/a><\/div>\n\n\n\n<div class=\"wp-block-button\"><a class=\"wp-block-button__link button button-link wp-element-button\" href=\"#the-details-queen-sofia\">Find out all the details<\/a><\/div>\n<\/div>\n<\/div><\/div><\/div>\n\n\n\n<div class=\"wp-block-genesis-blocks-gb-container gb-block-container\"><div class=\"gb-container-inside\"><div class=\"gb-container-content\">\n<p class=\"is-style-heading\">General information and frequently asked questions<\/p>\n\n\n\n<p>&#8211; Edad: No hay edad m\u00ednima ni m\u00e1xima para disfrutar del arte. Pueden venir todas las personas. <\/p>\n\n\n\n<p>&#8211; Trabajamos con grupos de 7 personas como mucho. Si sois m\u00e1s de siete lo que haremos es un grupo privado s\u00f3lo para ti y los tuyos. No obstante dadas las normas del Prado esta opci\u00f3n s\u00f3lo estar\u00e1 disponible para el tour de una hora y media. <\/p>\n\n\n\n<p>&#8211; Duration: 1 h 30 m<\/p>\n\n\n\n<p>&#8211; Start time: see availability<\/p>\n\n\n\n<p>&#8211; Puede traer su voucher tanto impreso como en su tel\u00e9fono m\u00f3vil. <\/p>\n\n\n\n<p>&#8211; Idiomas: Ingl\u00e9s, Espa\u00f1ol, Italiano.<\/p>\n\n\n\n<p>&#8211; Punto de encuentro: Museo Nacional Centro de Arte Reina Sof\u00eda, C. de Sta. Isabel, 52. Nos encontraremos en la <a href=\"https:\/\/maps.app.goo.gl\/ArhYsgJ59AJNR8qY8\" data-type=\"link\" data-id=\"https:\/\/maps.app.goo.gl\/ArhYsgJ59AJNR8qY8\" target=\"_blank\" rel=\"noopener\">puerta principal del Museo<\/a>. <\/p>\n\n\n\n<div class=\"wp-block-genesis-blocks-gb-accordion gb-block-accordion\"><details><summary class=\"gb-accordion-title\">\u00bfQu\u00e9 incluye?<\/summary><div class=\"gb-accordion-text\">\n<ul class=\"wp-block-list\">\n<li>Tickets<\/li>\n\n\n\n<li>Professional Guide<\/li>\n\n\n\n<li>Entrance fee &#8211; Museo Nacional Centro de Arte Reina Sof\u00eda<\/li>\n<\/ul>\n<\/div><\/details><\/div>\n\n\n\n<div class=\"wp-block-genesis-blocks-gb-accordion gb-block-accordion\"><details><summary class=\"gb-accordion-title\">\u00bfQu\u00e9 <strong>no <\/strong>incluye?<\/summary><div class=\"gb-accordion-text\">\n<p>Services not included<\/p>\n\n\n\n<ul class=\"wp-block-list\">\n<li>Propinas.<\/li>\n\n\n\n<li>Comidas.<\/li>\n\n\n\n<li>Servicio de pick up en el hotel. <\/li>\n<\/ul>\n<\/div><\/details><\/div>\n\n\n\n<div class=\"wp-block-genesis-blocks-gb-accordion gb-block-accordion\"><details><summary class=\"gb-accordion-title\">\u00bfQu\u00e9 esperar de una visita guiada en el Museo Reina Sof\u00eda?<\/summary><div class=\"gb-accordion-text\">\n<p>Nuestra visita guiada te llevar\u00e1 a trav\u00e9s de un emocionante viaje a trav\u00e9s del arte del siglo XX, desde el Modernismo hasta el zenit del cubismo, con el Gernika de Pablo Picasso como obra referente.<\/p>\n\n\n\n<p>La duraci\u00f3n de la visita es de una hora y media, donde te empapar\u00e1s de la cultura y el arte que rodea este lugar. Cada sala te transportar\u00e1 a un mundo diferente, un universo \u00fanico en el que la creatividad y la expresi\u00f3n art\u00edstica son las protagonistas.<\/p>\n<\/div><\/details><\/div>\n\n\n\n<div class=\"wp-block-genesis-blocks-gb-accordion gb-block-accordion\"><details><summary class=\"gb-accordion-title\">Salida y regreso<\/summary><div class=\"gb-accordion-text\">\n<p>Punto de encuentro:<\/p>\n\n\n\n<ul class=\"wp-block-list\">\n<li>Museo Nacional Centro de Arte Reina Sof\u00eda, C. de Sta. Isabel, 52. Nos encontraremos en la puerta principal del Museo. <\/li>\n<\/ul>\n\n\n\n<p>Information about the return<\/p>\n\n\n\n<ul class=\"wp-block-list\">\n<li>Back to the original starting point<\/li>\n<\/ul>\n<\/div><\/details><\/div>\n\n\n\n<div class=\"wp-block-genesis-blocks-gb-accordion gb-block-accordion\"><details><summary class=\"gb-accordion-title\">Accesibilidad<\/summary><div class=\"gb-accordion-text\">\n<ul class=\"wp-block-list\">\n<li>Wheelchair accessible<\/li>\n\n\n\n<li>Baby carriages can be carried<\/li>\n\n\n\n<li>Assistance animals are allowed<\/li>\n\n\n\n<li>Public transportation is available nearby<\/li>\n\n\n\n<li>Babies should be seated on the lap.<\/li>\n\n\n\n<li>Child seats available<\/li>\n\n\n\n<li>Transportation is adapted for wheelchair users.<\/li>\n\n\n\n<li>Surfaces are suitable for wheelchair use.<\/li>\n<\/ul>\n<\/div><\/details><\/div>\n\n\n\n<div class=\"wp-block-genesis-blocks-gb-accordion gb-block-accordion\"><details><summary class=\"gb-accordion-title\">Informaci\u00f3n Adicional<\/summary><div class=\"gb-accordion-text\">\n<ul class=\"wp-block-list\">\n<li>Confirmation will be received at the time the reservation is made.<\/li>\n\n\n\n<li>Most travelers can participate in the experience.<\/li>\n\n\n\n<li>There will be a maximum of 20 travelers on this excursion or activity.<\/li>\n<\/ul>\n<\/div><\/details><\/div>\n\n\n\n<div class=\"wp-block-genesis-blocks-gb-accordion gb-block-accordion\"><details><summary class=\"gb-accordion-title\">Pol\u00edtica de cancelaci\u00f3n<\/summary><div class=\"gb-accordion-text\">\n<p>Cancelaci\u00f3n y modificaciones: hasta 24 horas antes del tour (hora local)<\/p>\n<\/div><\/details><\/div>\n<\/div><\/div><\/div>\n","protected":false},"excerpt":{"rendered":"","protected":false},"author":1,"featured_media":0,"parent":0,"menu_order":0,"comment_status":"closed","ping_status":"closed","template":"","meta":{"_acf_changed":false,"_genesis_hide_title":false,"_genesis_hide_breadcrumbs":false,"_genesis_hide_singular_image":false,"_genesis_hide_footer_widgets":false,"_genesis_custom_body_class":"","_genesis_custom_post_class":"","_genesis_layout":"","footnotes":""},"class_list":{"1":"page","2":"type-page","5":"entry"},"featured_image_src":null,"featured_image_src_square":null,"acf":[],"_links":{"self":[{"href":"https:\/\/theguidesyouneed.com\/en\/wp-json\/wp\/v2\/pages\/5852","targetHints":{"allow":["GET"]}}],"collection":[{"href":"https:\/\/theguidesyouneed.com\/en\/wp-json\/wp\/v2\/pages"}],"about":[{"href":"https:\/\/theguidesyouneed.com\/en\/wp-json\/wp\/v2\/types\/page"}],"author":[{"embeddable":true,"href":"https:\/\/theguidesyouneed.com\/en\/wp-json\/wp\/v2\/users\/1"}],"replies":[{"embeddable":true,"href":"https:\/\/theguidesyouneed.com\/en\/wp-json\/wp\/v2\/comments?post=5852"}],"version-history":[{"count":37,"href":"https:\/\/theguidesyouneed.com\/en\/wp-json\/wp\/v2\/pages\/5852\/revisions"}],"predecessor-version":[{"id":7078,"href":"https:\/\/theguidesyouneed.com\/en\/wp-json\/wp\/v2\/pages\/5852\/revisions\/7078"}],"wp:attachment":[{"href":"https:\/\/theguidesyouneed.com\/en\/wp-json\/wp\/v2\/media?parent=5852"}],"curies":[{"name":"wp","href":"https:\/\/api.w.org\/{rel}","templated":true}]}}