{"id":5859,"date":"2023-01-24T16:01:34","date_gmt":"2023-01-24T15:01:34","guid":{"rendered":"https:\/\/theguidesyouneed.com\/discover-the-beauty-and-art-on-a-guided-tour-of-the-prado-museum-in-madrid\/"},"modified":"2025-03-28T17:01:59","modified_gmt":"2025-03-28T16:01:59","slug":"guided-tour-prado-museum","status":"publish","type":"page","link":"https:\/\/theguidesyouneed.com\/en\/guided-tour-prado-museum\/","title":{"rendered":"Guided tour of the Prado Museum in Madrid | The Guides You Need"},"content":{"rendered":"\n<div class=\"wp-block-genesis-blocks-gb-container aligncenter gb-block-container\"><div class=\"gb-container-inside\"><div class=\"gb-container-content\">\n<div class=\"wp-block-group alignfull has-alt-background-color has-background has-light-background has-xl-content-width has-md-padding-top has-md-padding-bottom\"><div class=\"wp-block-group__inner-container is-layout-flow wp-block-group-is-layout-flow\"><div class=\"mai-columns\"><div class=\"mai-columns-wrap has-columns\" style=\"--column-gap:var(--spacing-xxl);--row-gap:var(--spacing-xxl);--align-columns:start;--align-columns-vertical:center;\">\n<div class=\"mai-column is-column\" style=\"--columns-xs:1\/1;--flex-xs:0 0 var(--flex-basis);--columns-sm:1\/2;--flex-sm:0 0 var(--flex-basis);--columns-md:1\/2;--flex-md:0 0 var(--flex-basis);--columns-lg:1\/2;--flex-lg:0 0 var(--flex-basis);--justify-content:start;\">\n\n<h1 class=\"wp-block-heading has-xxl-font-size\"><strong>Discover the beauty and art on a guided tour of the Prado Museum in Madrid.<\/strong><\/h1>\n\n\n\n<p>Enter one of the most important museums in the world through our guided tours in the majestic Prado Museum in Madrid.<\/p>\n\n\n\n<p>Get to know through this unforgettable experience the best works of geniuses such as Vel&aacute;zquez, Goya, Titian, Rubens or Bosch.\nThanks to our guides trained in Art History and History, our tours are interesting and didactic.\nAnd what is more important:    <\/p>\n\n\n\n<p>as much adapted as possible to your tastes!<\/p>\n\n\n\n<div class=\"wp-block-buttons is-layout-flex wp-block-buttons-is-layout-flex\">\n<div class=\"wp-block-button\"><a class=\"wp-block-button__link button wp-element-button\" href=\"https:\/\/theguidesyouneed.com\/en\/book-your-visit-to-the-museo-nacional-del-prado\/\">Book now<\/a><\/div>\n\n\n\n<div class=\"wp-block-button\"><a class=\"wp-block-button__link button button-link wp-element-button\" href=\"#the-details-museum-prado\">Find out all the details<\/a><\/div>\n<\/div>\n\n<\/div>\n\n<div class=\"mai-column is-column\" style=\"--columns-xs:1\/1;--flex-xs:0 0 var(--flex-basis);--columns-sm:1\/2;--flex-sm:0 0 var(--flex-basis);--columns-md:1\/2;--flex-md:0 0 var(--flex-basis);--columns-lg:1\/2;--flex-lg:0 0 var(--flex-basis);--justify-content:start;--order-xs:-1;--order-sm:-1;\">\n\n<figure class=\"wp-block-image size-large\"><img loading=\"lazy\" decoding=\"async\" width=\"768\" height=\"1024\" src=\"https:\/\/test.theguidesyouneed.com\/wp-content\/uploads\/2023\/05\/IMG-2101-768x1024.jpg\" alt=\"Guided tour of the Prado Museum in Madrid | The Guides You Need | Visitas Guiadas por Madrid - The Guides You Need\" class=\"wp-image-5285\" title=\"Guided tour of the Prado Museum in Madrid | The Guides You Need | Visitas Guiadas por Madrid - The Guides You Need\" srcset=\"https:\/\/theguidesyouneed.com\/wp-content\/uploads\/2023\/05\/IMG-2101-225x300.jpg 225w, https:\/\/theguidesyouneed.com\/wp-content\/uploads\/2023\/05\/IMG-2101-600x800.jpg 600w, https:\/\/theguidesyouneed.com\/wp-content\/uploads\/2023\/05\/IMG-2101-768x1024.jpg 768w, https:\/\/theguidesyouneed.com\/wp-content\/uploads\/2023\/05\/IMG-2101-1152x1536.jpg 1152w, https:\/\/theguidesyouneed.com\/wp-content\/uploads\/2023\/05\/IMG-2101-1536x2048.jpg 1536w, https:\/\/theguidesyouneed.com\/wp-content\/uploads\/2023\/05\/IMG-2101-scaled.jpg 1920w\" sizes=\"auto, (max-width: 768px) 100vw, 768px\" \/><\/figure>\n\n<\/div>\n<\/div><\/div><\/div><\/div>\n\n<\/div><\/div><\/div>\n\n\n\n<div class=\"wp-block-genesis-blocks-gb-container alignwide gb-block-container\"><div class=\"gb-container-inside\"><div class=\"gb-container-content\">\n<h2 class=\"wp-block-heading has-xl-margin-top\">Discovering the collections of the Prado Museum of Madrid<\/h2>\n\n\n\n<div style=\"height:1px\" aria-hidden=\"true\" id=\"reserva-ruta\" class=\"wp-block-spacer reserva-ruta\"><\/div>\n<\/div><\/div><\/div>\n\n\n\n<div class=\"wp-block-genesis-blocks-gb-container gb-block-container\"><div class=\"gb-container-inside\"><div class=\"gb-container-content\">\n<p>Thanks to the different tours that we offer, you will be able to know different routes inside this wonderful museum: from the great masters of Spanish painting to the most representative historical figures of Spain.  <\/p>\n\n\n\n<p>From Las Meninas to Goya&#8217;s Saturn.\nWe can also go through the most relevant female artists in the history of art and, unfortunately, forgotten by it, although not by us.\nFrom Sofonisba Anguisola to Rosa Bonheur or Clara Peeters.  <\/p>\n\n\n\n<div class=\"wp-block-group alignfull los-detalles-museo-prado has-alt-background-color has-background has-light-background has-lg-content-width has-md-padding-top has-md-padding-bottom\" id=\"los-detalles-museo-prado\"><div class=\"wp-block-group__inner-container is-layout-flow wp-block-group-is-layout-flow\"><div class=\"mai-columns\"><div class=\"mai-columns-wrap has-columns\" style=\"--column-gap:0px;--row-gap:0px;--align-columns:start;--align-columns-vertical:center;\">\n<div class=\"mai-column is-column\" style=\"--columns-xs:1\/1;--flex-xs:0 0 var(--flex-basis);--columns-sm:1\/2;--flex-sm:0 0 var(--flex-basis);--columns-md:1\/2;--flex-md:0 0 var(--flex-basis);--columns-lg:1\/2;--flex-lg:0 0 var(--flex-basis);--justify-content:start;\">\n\n<div class=\"wp-block-group has-white-background-color has-background has-light-background has-md-padding-top has-md-padding-bottom has-md-padding-left has-md-padding-right\"><div class=\"wp-block-group__inner-container is-layout-flow wp-block-group-is-layout-flow\">\n<h2 class=\"wp-block-heading has-text-align-center\">Discover the legacy of the masters of art at the Museo del Prado<\/h2>\n\n\n\n<div class=\"wp-block-buttons is-content-justification-center is-layout-flex wp-container-core-buttons-is-layout-16018d1d wp-block-buttons-is-layout-flex\">\n<div class=\"wp-block-button\"><a class=\"wp-block-button__link button button-link wp-element-button\" href=\"https:\/\/theguidesyouneed.com\/en\/book-your-visit-to-the-museo-nacional-del-prado\/\">Book your visit now<\/a><\/div>\n<\/div>\n<\/div><\/div>\n\n\n<\/div>\n\n<div class=\"mai-column is-column\" style=\"--columns-xs:1\/1;--flex-xs:0 0 var(--flex-basis);--columns-sm:1\/2;--flex-sm:0 0 var(--flex-basis);--columns-md:1\/2;--flex-md:0 0 var(--flex-basis);--columns-lg:1\/2;--flex-lg:0 0 var(--flex-basis);--justify-content:start;--order-xs:-1;\">\n\n<figure class=\"wp-block-image size-full\"><img loading=\"lazy\" decoding=\"async\" width=\"427\" height=\"683\" src=\"https:\/\/test.theguidesyouneed.com\/wp-content\/uploads\/2023\/05\/WhatsApp-Image-2023-05-26-at-15.50.18-1-edited.jpeg\" alt=\"Guided tour of the Prado Museum in Madrid | The Guides You Need | Visitas Guiadas por Madrid - The Guides You Need\" class=\"wp-image-5288\" title=\"Guided tour of the Prado Museum in Madrid | The Guides You Need | Visitas Guiadas por Madrid - The Guides You Need\" srcset=\"https:\/\/theguidesyouneed.com\/wp-content\/uploads\/2023\/05\/WhatsApp-Image-2023-05-26-at-15.50.18-1-edited-188x300.jpeg 188w, https:\/\/theguidesyouneed.com\/wp-content\/uploads\/2023\/05\/WhatsApp-Image-2023-05-26-at-15.50.18-1-edited.jpeg 427w\" sizes=\"auto, (max-width: 427px) 100vw, 427px\" \/><\/figure>\n\n<\/div>\n<\/div><\/div><\/div><\/div>\n\n\n\n\n<div class=\"wp-block-group alignfull has-white-background-color has-background has-light-background has-lg-content-width has-md-padding-top has-md-padding-bottom\"><div class=\"wp-block-group__inner-container is-layout-flow wp-block-group-is-layout-flow\"><div class=\"mai-columns\"><div class=\"mai-columns-wrap has-columns\" style=\"--column-gap:0px;--row-gap:0px;--align-columns:start;--align-columns-vertical:center;\">\n<div class=\"mai-column is-column\" style=\"--columns-xs:1\/1;--flex-xs:0 0 var(--flex-basis);--columns-sm:1\/2;--flex-sm:0 0 var(--flex-basis);--columns-md:1\/2;--flex-md:0 0 var(--flex-basis);--columns-lg:1\/2;--flex-lg:0 0 var(--flex-basis);--justify-content:start;\">\n\n<figure class=\"wp-block-image size-full\"><img loading=\"lazy\" decoding=\"async\" width=\"427\" height=\"683\" src=\"https:\/\/test.theguidesyouneed.com\/wp-content\/uploads\/2023\/05\/WhatsApp-Image-2023-05-26-at-15.50.18-2-edited.jpeg\" alt=\"Guided tour of the Prado Museum in Madrid | The Guides You Need | Visitas Guiadas por Madrid - The Guides You Need\" class=\"wp-image-5294\" title=\"Guided tour of the Prado Museum in Madrid | The Guides You Need | Visitas Guiadas por Madrid - The Guides You Need\" srcset=\"https:\/\/theguidesyouneed.com\/wp-content\/uploads\/2023\/05\/WhatsApp-Image-2023-05-26-at-15.50.18-2-edited-188x300.jpeg 188w, https:\/\/theguidesyouneed.com\/wp-content\/uploads\/2023\/05\/WhatsApp-Image-2023-05-26-at-15.50.18-2-edited.jpeg 427w\" sizes=\"auto, (max-width: 427px) 100vw, 427px\" \/><\/figure>\n\n<\/div>\n\n<div class=\"mai-column is-column\" style=\"--columns-xs:1\/1;--flex-xs:0 0 var(--flex-basis);--columns-sm:1\/2;--flex-sm:0 0 var(--flex-basis);--columns-md:1\/2;--flex-md:0 0 var(--flex-basis);--columns-lg:1\/2;--flex-lg:0 0 var(--flex-basis);--justify-content:start;\">\n\n<div class=\"wp-block-group has-alt-background-color has-background has-light-background has-md-padding-top has-md-padding-bottom has-md-padding-left has-md-padding-right has--xxl-margin-left\"><div class=\"wp-block-group__inner-container is-layout-flow wp-block-group-is-layout-flow\">\n<h2 class=\"wp-block-heading has-text-align-center\">Experience the history of Spain through its works of art at the Prado Museum.<\/h2>\n\n\n\n<div class=\"wp-block-buttons is-content-justification-center is-layout-flex wp-container-core-buttons-is-layout-16018d1d wp-block-buttons-is-layout-flex\">\n<div class=\"wp-block-button\"><a class=\"wp-block-button__link button button-link wp-element-button\" href=\"https:\/\/theguidesyouneed.com\/en\/book-your-visit-to-the-museo-nacional-del-prado\/\">Book now<\/a><\/div>\n<\/div>\n<\/div><\/div>\n\n\n<\/div>\n<\/div><\/div><\/div><\/div>\n\n\n\n\n<div class=\"wp-block-group alignfull has-alt-background-color has-background has-light-background has-lg-content-width has-md-padding-top has-md-padding-bottom\"><div class=\"wp-block-group__inner-container is-layout-flow wp-block-group-is-layout-flow\"><div class=\"mai-columns\"><div class=\"mai-columns-wrap has-columns\" style=\"--column-gap:0px;--row-gap:0px;--align-columns:start;--align-columns-vertical:center;\">\n<div class=\"mai-column is-column\" style=\"--flex-xs:0 0 100%;--flex-sm:0 0 100%;--columns-md:1\/3;--flex-md:0 0 var(--flex-basis);--columns-lg:1\/2;--flex-lg:0 0 var(--flex-basis);--justify-content:center;\">\n\n<div class=\"wp-block-group has-white-background-color has-background has-light-background has-md-padding-top has-md-padding-bottom has-md-padding-left has-md-padding-right has--md-margin-right\"><div class=\"wp-block-group__inner-container is-layout-flow wp-block-group-is-layout-flow\">\n<h2 class=\"wp-block-heading has-text-align-center\">Immerse yourself in the art and beauty of the Prado Museum with our expert guides.<\/h2>\n\n\n\n<div class=\"wp-block-buttons is-content-justification-center is-layout-flex wp-container-core-buttons-is-layout-16018d1d wp-block-buttons-is-layout-flex\">\n<div class=\"wp-block-button\"><a class=\"wp-block-button__link button button-link wp-element-button\" href=\"https:\/\/theguidesyouneed.com\/en\/book-your-visit-to-the-museo-nacional-del-prado\/\">Book now<\/a><\/div>\n<\/div>\n<\/div><\/div>\n\n\n<\/div>\n\n<div class=\"mai-column is-column\" style=\"--flex-xs:0 0 100%;--flex-sm:0 0 100%;--columns-md:2\/3;--flex-md:0 0 var(--flex-basis);--columns-lg:1\/2;--flex-lg:0 0 var(--flex-basis);--justify-content:start;--order-xs:-1;\">\n\n<figure class=\"wp-block-image size-large\" id=\"punto-encuentro\"><img loading=\"lazy\" decoding=\"async\" width=\"1599\" height=\"2560\" src=\"https:\/\/test.theguidesyouneed.com\/wp-content\/uploads\/2023\/05\/IMG-1618-edited-scaled.jpg\" alt=\"Guided tour of the Prado Museum in Madrid | The Guides You Need | Visitas Guiadas por Madrid - The Guides You Need\" class=\"wp-image-5301\" title=\"Guided tour of the Prado Museum in Madrid | The Guides You Need | Visitas Guiadas por Madrid - The Guides You Need\" srcset=\"https:\/\/theguidesyouneed.com\/wp-content\/uploads\/2023\/05\/IMG-1618-edited-187x300.jpg 187w, https:\/\/theguidesyouneed.com\/wp-content\/uploads\/2023\/05\/IMG-1618-edited-600x960.jpg 600w, https:\/\/theguidesyouneed.com\/wp-content\/uploads\/2023\/05\/IMG-1618-edited-640x1024.jpg 640w, https:\/\/theguidesyouneed.com\/wp-content\/uploads\/2023\/05\/IMG-1618-edited-768x1229.jpg 768w, https:\/\/theguidesyouneed.com\/wp-content\/uploads\/2023\/05\/IMG-1618-edited-960x1536.jpg 960w, https:\/\/theguidesyouneed.com\/wp-content\/uploads\/2023\/05\/IMG-1618-edited-1280x2048.jpg 1280w, https:\/\/theguidesyouneed.com\/wp-content\/uploads\/2023\/05\/IMG-1618-edited-scaled.jpg 1599w\" sizes=\"auto, (max-width: 1599px) 100vw, 1599px\" \/><\/figure>\n\n<\/div>\n<\/div><\/div><\/div><\/div>\n\n\n\n\n<h2 class=\"wp-block-heading has-text-align-center has-xl-margin-top\">Live a unique experience at the Museo del Prado<\/h2>\n\n\n\n<p>Select the type of tour that best suits your tastes and enjoy the benefits of a team<br>twice awarded the Viator Prize in a row. We are proud to<br>to be able to say that we are the only Spanish company to be awarded with the<br>Viator in 2023.  <\/p>\n\n\n\n<p>We are waiting for you!<\/p>\n\n\n\n<figure class=\"wp-block-gallery has-nested-images columns-3 is-cropped wp-block-gallery-1 is-layout-flex wp-block-gallery-is-layout-flex\">\n<figure class=\"wp-block-image size-full\"><img loading=\"lazy\" decoding=\"async\" width=\"1024\" height=\"667\" data-id=\"5295\" src=\"https:\/\/test.theguidesyouneed.com\/wp-content\/uploads\/2023\/05\/WhatsApp-Image-2023-05-26-at-15.51.06.jpeg\" alt=\"Guided tour of the Prado Museum in Madrid | The Guides You Need | Visitas Guiadas por Madrid - The Guides You Need\" class=\"wp-image-5295\" title=\"Guided tour of the Prado Museum in Madrid | The Guides You Need | Visitas Guiadas por Madrid - The Guides You Need\" srcset=\"https:\/\/theguidesyouneed.com\/wp-content\/uploads\/2023\/05\/WhatsApp-Image-2023-05-26-at-15.51.06-300x195.jpeg 300w, https:\/\/theguidesyouneed.com\/wp-content\/uploads\/2023\/05\/WhatsApp-Image-2023-05-26-at-15.51.06-600x391.jpeg 600w, https:\/\/theguidesyouneed.com\/wp-content\/uploads\/2023\/05\/WhatsApp-Image-2023-05-26-at-15.51.06-768x500.jpeg 768w, https:\/\/theguidesyouneed.com\/wp-content\/uploads\/2023\/05\/WhatsApp-Image-2023-05-26-at-15.51.06.jpeg 1024w\" sizes=\"auto, (max-width: 1024px) 100vw, 1024px\" \/><\/figure>\n<\/figure>\n<\/div><\/div><\/div>\n\n\n\n<div style=\"margin-bottom:7%\" class=\"wp-block-genesis-blocks-gb-container gb-block-container\"><div class=\"gb-container-inside\"><div class=\"gb-container-content\">\n<div class=\"wp-block-buttons is-content-justification-center is-layout-flex wp-container-core-buttons-is-layout-16018d1d wp-block-buttons-is-layout-flex\">\n<div class=\"wp-block-button\"><a class=\"wp-block-button__link button wp-element-button\">Book now<\/a><\/div>\n\n\n\n<div class=\"wp-block-button\"><a class=\"wp-block-button__link button button-link wp-element-button\" href=\"#the-details-museum-prado\">Find out all the details<\/a><\/div>\n<\/div>\n<\/div><\/div><\/div>\n\n\n\n<div class=\"wp-block-genesis-blocks-gb-container gb-block-container\"><div class=\"gb-container-inside\"><div class=\"gb-container-content\">\n<p class=\"is-style-heading\">General information and frequently asked questions<\/p>\n\n\n\n<p>&#8211; Age: There is no minimum or maximum age to enjoy art. All persons are welcome to attend. <\/p>\n\n\n\n<p>&#8211; We work with groups of 7 people at the most. If there are more than seven of you, we will make a private group just for you and yours. However, given the Prado&#8217;s rules, this option will only be available for the one and a half hour tour. <\/p>\n\n\n\n<p>&#8211; Duration: 1 h 30 m<\/p>\n\n\n\n<p>&#8211; Start time: see availability<\/p>\n\n\n\n<p>&#8211; You can bring your voucher either printed or on your cell phone. <\/p>\n\n\n\n<p>&#8211; Languages: English, Spanish, Italian.<\/p>\n\n\n\n<p>&#8211; Meeting point: We will meet at the <a href=\"https:\/\/maps.app.goo.gl\/ZHkNibeMRxz9mUkM7?g_st=iwb\" data-type=\"link\" data-id=\"https:\/\/maps.app.goo.gl\/ZHkNibeMRxz9mUkM7?g_st=iwb\" target=\"_blank\" rel=\"noopener\">statue of Goya<\/a> located in front of the Museum&#8217;s ticket office. <\/p>\n\n\n\n<div class=\"wp-block-genesis-blocks-gb-accordion gb-block-accordion\"><details><summary class=\"gb-accordion-title\">\u00bfQu\u00e9 incluye?<\/summary><div class=\"gb-accordion-text\">\n<ul class=\"wp-block-list\">\n<li>Professional Guide<\/li>\n\n\n\n<li>Entrance ticket to the Prado Museum that will be provided by the guide before entering. <\/li>\n<\/ul>\n<\/div><\/details><\/div>\n\n\n\n<div class=\"wp-block-genesis-blocks-gb-accordion gb-block-accordion\"><details><summary class=\"gb-accordion-title\">\u00bfQu\u00e9 <strong>no <\/strong>incluye?<\/summary><div class=\"gb-accordion-text\">\n<ul class=\"wp-block-list\">\n<li>Gratuities.<\/li>\n\n\n\n<li>Meals.<\/li>\n\n\n\n<li>Pick up service at the hotel. <\/li>\n<\/ul>\n<\/div><\/details><\/div>\n\n\n\n<div class=\"wp-block-genesis-blocks-gb-accordion gb-block-accordion\"><details><summary class=\"gb-accordion-title\">\u00bfQu\u00e9 esperar de una visita guiada en el Museo Nacional del Prado?<\/summary><div class=\"gb-accordion-text\">\n<p>The Prado Museum is, without a doubt, the greatest treasure of our country and one of the most prestigious art galleries in the world. Two hundred years old, this emblematic museum remains a shining example of artistic excellence. Our 90-minute guided tour immerses you in an exciting journey through the highlights of the collection, taking you by the hand through the masterpieces of geniuses such as Bosch, Titian, El Greco, Vel\u00e1zquez and Goya.<\/p>\n\n\n\n<p>Duration: 1 hour 30 minutes.<\/p>\n\n\n\n<p>Our guides will be at the meeting point at least 5 minutes before. We strongly encourage you to be punctual. El Prado es muy estricto a la hora de dejar pasar grupos y, adem\u00e1s, no est\u00e1 bien hacer esperar a los dem\u00e1s miembros del grupo.<\/p>\n\n\n\n<p>Los gu\u00edas habr\u00e1n comprado sus entradas previamente de forma que no haremos cola para comprar las entradas. <\/p>\n\n\n\n<p>For your convenience, an audio system will be used so that you will be able to hear your guide no matter how crowded the Museum is. Finally, the small group will allow us to navigate the Museum with greater comfort and will make the relationship between guide and visitor easier. By the way, the founder of the company, Fernando, always says that he has to ask a lot of questions at the Science Museums every question is valid and the small group is also an opportunity to interact more with your guide. Let there be no shyness! <\/p>\n<\/div><\/details><\/div>\n\n\n\n<div class=\"wp-block-genesis-blocks-gb-accordion gb-block-accordion\"><details><summary class=\"gb-accordion-title\">Salida y regreso<\/summary><div class=\"gb-accordion-text\">\n<ul class=\"wp-block-list\">\n<li>Departure information: Monumento a Goya, C. de Felipe IV, s\/n, 28014 Madrid, Spain.<\/li>\n<\/ul>\n\n\n\n<p>We will meet at the emblematic Goya Statue, right in front of the Prado Museum ticket office. We will send you an email with all the detailed instructions hours before the tour (usually the night before the tour).<\/p>\n\n\n\n<ul class=\"wp-block-list\">\n<li>Return information: Return to the original starting point.<\/li>\n<\/ul>\n<\/div><\/details><\/div>\n\n\n\n<div class=\"wp-block-genesis-blocks-gb-accordion gb-block-accordion\"><details><summary class=\"gb-accordion-title\">Accesibilidad<\/summary><div class=\"gb-accordion-text\">\n<ul class=\"wp-block-list\">\n<li>Wheelchair accessible<\/li>\n\n\n\n<li>Baby carriages can be carried<\/li>\n\n\n\n<li>Public transportation is available nearby<\/li>\n\n\n\n<li>Babies should be seated on the lap.<\/li>\n\n\n\n<li>Transportation is adapted for wheelchair users.<\/li>\n\n\n\n<li>Surfaces are suitable for wheelchair use.<\/li>\n<\/ul>\n<\/div><\/details><\/div>\n\n\n\n<div class=\"wp-block-genesis-blocks-gb-accordion gb-block-accordion\"><details><summary class=\"gb-accordion-title\">Informaci\u00f3n Adicional<\/summary><div class=\"gb-accordion-text\">\n<ul class=\"wp-block-list\">\n<li>Confirmation will be sent to the e-mail address used for the reservation.<\/li>\n\n\n\n<li>Most travelers can participate in the experience.<\/li>\n\n\n\n<li>In this excursion or activity there will be a maximum of 7 travelers.<\/li>\n<\/ul>\n<\/div><\/details><\/div>\n\n\n\n<div class=\"wp-block-genesis-blocks-gb-accordion gb-block-accordion\"><details><summary class=\"gb-accordion-title\">Pol\u00edtica de cancelaci\u00f3n<\/summary><div class=\"gb-accordion-text\">\n<p>Cancellation and modifications: up to 24 hours before the tour (local time)<\/p>\n<\/div><\/details><\/div>\n<\/div><\/div><\/div>\n","protected":false},"excerpt":{"rendered":"","protected":false},"author":1,"featured_media":0,"parent":0,"menu_order":0,"comment_status":"closed","ping_status":"closed","template":"","meta":{"_acf_changed":false,"_genesis_hide_title":false,"_genesis_hide_breadcrumbs":false,"_genesis_hide_singular_image":false,"_genesis_hide_footer_widgets":false,"_genesis_custom_body_class":"","_genesis_custom_post_class":"","_genesis_layout":"","footnotes":""},"class_list":{"1":"page","2":"type-page","5":"entry"},"featured_image_src":null,"featured_image_src_square":null,"acf":[],"_links":{"self":[{"href":"https:\/\/theguidesyouneed.com\/en\/wp-json\/wp\/v2\/pages\/5859","targetHints":{"allow":["GET"]}}],"collection":[{"href":"https:\/\/theguidesyouneed.com\/en\/wp-json\/wp\/v2\/pages"}],"about":[{"href":"https:\/\/theguidesyouneed.com\/en\/wp-json\/wp\/v2\/types\/page"}],"author":[{"embeddable":true,"href":"https:\/\/theguidesyouneed.com\/en\/wp-json\/wp\/v2\/users\/1"}],"replies":[{"embeddable":true,"href":"https:\/\/theguidesyouneed.com\/en\/wp-json\/wp\/v2\/comments?post=5859"}],"version-history":[{"count":41,"href":"https:\/\/theguidesyouneed.com\/en\/wp-json\/wp\/v2\/pages\/5859\/revisions"}],"predecessor-version":[{"id":7077,"href":"https:\/\/theguidesyouneed.com\/en\/wp-json\/wp\/v2\/pages\/5859\/revisions\/7077"}],"wp:attachment":[{"href":"https:\/\/theguidesyouneed.com\/en\/wp-json\/wp\/v2\/media?parent=5859"}],"curies":[{"name":"wp","href":"https:\/\/api.w.org\/{rel}","templated":true}]}}